{"id":81,"date":"2018-12-19T15:19:45","date_gmt":"2018-12-19T15:19:45","guid":{"rendered":"https:\/\/dcharletoux.redheberg.com\/?page_id=81"},"modified":"2019-05-18T15:11:42","modified_gmt":"2019-05-18T15:11:42","slug":"le-club","status":"publish","type":"page","link":"https:\/\/dcharletoux.redheberg.com\/?page_id=81","title":{"rendered":"Le club"},"content":{"rendered":"\n<p>Le club se r\u00e9unit deux fois par semaine, entre 13h00 et 14h00. Il accueille cette ann\u00e9e 20 \u00e9l\u00e8ves de la sixi\u00e8me \u00e0 la troisi\u00e8me.<\/p>\n\n\n\n<p>Les \u00e9l\u00e8ves travaillent sur des th\u00e8mes vari\u00e9s qui leur permettent d&rsquo;exercer leur cr\u00e9ativit\u00e9 tout en d\u00e9couvrant les aspects techniques de la photographie.<\/p>\n\n\n\n<figure class=\"wp-block-image\"><img loading=\"lazy\" width=\"1024\" height=\"318\" src=\"https:\/\/dcharletoux.redheberg.com\/wp-content\/uploads\/2019\/05\/Posterr-1024x318.jpg\" alt=\"\" class=\"wp-image-349\" srcset=\"https:\/\/dcharletoux.redheberg.com\/wp-content\/uploads\/2019\/05\/Posterr.jpg 1024w, https:\/\/dcharletoux.redheberg.com\/wp-content\/uploads\/2019\/05\/Posterr-300x93.jpg 300w, https:\/\/dcharletoux.redheberg.com\/wp-content\/uploads\/2019\/05\/Posterr-768x239.jpg 768w\" sizes=\"(max-width: 1024px) 100vw, 1024px\" \/><\/figure>\n\n\n\n<p>Le Conseil d\u00e9partemental finance l&rsquo;intervention d&rsquo;un photographe professionnel, M. Vall\u00e9e, qui anime chaque ann\u00e9e un stage de deux jours.<\/p>\n\n\n\n<p>Le FSE finance en grande partie l&rsquo;achat de mat\u00e9riel.<\/p>\n","protected":false},"excerpt":{"rendered":"<p>Le club se r\u00e9unit deux fois par semaine, entre 13h00 et 14h00. Il accueille cette ann\u00e9e 20 \u00e9l\u00e8ves de la sixi\u00e8me \u00e0 la troisi\u00e8me. Les \u00e9l\u00e8ves travaillent sur des th\u00e8mes vari\u00e9s qui leur permettent d&rsquo;exercer leur cr\u00e9ativit\u00e9 tout en d\u00e9couvrant les aspects techniques de la photographie. Le Conseil d\u00e9partemental finance l&rsquo;intervention d&rsquo;un photographe professionnel, M&#8230;.<\/p>\n","protected":false},"author":1,"featured_media":0,"parent":0,"menu_order":0,"comment_status":"closed","ping_status":"closed","template":"","meta":[],"_links":{"self":[{"href":"https:\/\/dcharletoux.redheberg.com\/index.php?rest_route=\/wp\/v2\/pages\/81"}],"collection":[{"href":"https:\/\/dcharletoux.redheberg.com\/index.php?rest_route=\/wp\/v2\/pages"}],"about":[{"href":"https:\/\/dcharletoux.redheberg.com\/index.php?rest_route=\/wp\/v2\/types\/page"}],"author":[{"embeddable":true,"href":"https:\/\/dcharletoux.redheberg.com\/index.php?rest_route=\/wp\/v2\/users\/1"}],"replies":[{"embeddable":true,"href":"https:\/\/dcharletoux.redheberg.com\/index.php?rest_route=%2Fwp%2Fv2%2Fcomments&post=81"}],"version-history":[{"count":5,"href":"https:\/\/dcharletoux.redheberg.com\/index.php?rest_route=\/wp\/v2\/pages\/81\/revisions"}],"predecessor-version":[{"id":350,"href":"https:\/\/dcharletoux.redheberg.com\/index.php?rest_route=\/wp\/v2\/pages\/81\/revisions\/350"}],"wp:attachment":[{"href":"https:\/\/dcharletoux.redheberg.com\/index.php?rest_route=%2Fwp%2Fv2%2Fmedia&parent=81"}],"curies":[{"name":"wp","href":"https:\/\/api.w.org\/{rel}","templated":true}]}}